{"id":955,"date":"2023-06-22T11:05:11","date_gmt":"2023-06-22T09:05:11","guid":{"rendered":"https:\/\/passion-geobiologie.fr\/?page_id=955"},"modified":"2025-01-08T11:15:15","modified_gmt":"2025-01-08T10:15:15","slug":"mentions-legales","status":"publish","type":"page","link":"https:\/\/passion-geobiologie.fr\/index.php\/mentions-legales\/","title":{"rendered":"Mentions l\u00e9gales"},"content":{"rendered":"\t\t<div data-elementor-type=\"wp-page\" data-elementor-id=\"955\" class=\"elementor elementor-955\">\n\t\t\t\t\t\t<section class=\"elementor-section elementor-top-section elementor-element elementor-element-cd44a2a elementor-section-boxed elementor-section-height-default elementor-section-height-default\" data-id=\"cd44a2a\" data-element_type=\"section\" data-e-type=\"section\">\n\t\t\t\t\t\t<div class=\"elementor-container elementor-column-gap-default\">\n\t\t\t\t\t<div class=\"elementor-column elementor-col-100 elementor-top-column elementor-element elementor-element-d866449\" data-id=\"d866449\" data-element_type=\"column\" data-e-type=\"column\">\n\t\t\t<div class=\"elementor-widget-wrap elementor-element-populated\">\n\t\t\t\t\t\t<div class=\"elementor-element elementor-element-44aa349 elementor-widget elementor-widget-text-editor\" data-id=\"44aa349\" data-element_type=\"widget\" data-e-type=\"widget\" data-widget_type=\"text-editor.default\">\n\t\t\t\t<div class=\"elementor-widget-container\">\n\t\t\t\t\t\t\t\t\t<p><strong>En vigueur au 01\/01\/2025<\/strong><\/p><p>Conform\u00e9ment aux dispositions des Articles 6-III et 19 de la Loi n\u00b02004-575 du 21 juin 2004 pour la confiance dans l\u2019\u00e9conomie num\u00e9rique, dite L.C.E.N., il est port\u00e9 \u00e0 la connaissance des Utilisateurs du site https:\/\/passion-geobiologie.fr\/ les pr\u00e9sentes mentions l\u00e9gales. La connexion et la navigation sur le site par l\u2019Utilisateur implique acceptation int\u00e9grale et sans r\u00e9serve des pr\u00e9sentes mentions l\u00e9gales.<\/p><p><strong>ARTICLE 1 : L\u2019\u00e9diteur<\/strong><br \/>L\u2019\u00e9dition et la direction de la publication du site https:\/\/passion-geobiologie.fr\/ est assur\u00e9e par Passion G\u00e9obiologie, dont l\u2019adresse email de contact est contact@passion-geobiologie.fr<\/p><p><strong>ARTICLE 2 : L\u2019h\u00e9bergeur<\/strong><br \/>L\u2019h\u00e9bergeur du site https:\/\/passion-geobiologie.fr\/ est la Soci\u00e9t\u00e9 <a href=\"https:\/\/www.hostg.xyz\/aff_c?offer_id=6&amp;aff_id=100835&amp;url_id=59\" target=\"_blank\" rel=\"noopener\">Hostinger<\/a>, dont le si\u00e8ge social est situ\u00e9 au HOSTINGER INTERNATIONAL LTD, 61 Lordou Vironos Street, 6023 Larnaca, Chypre. Le d\u00e9veloppeur du site est joignable par mail : mathias.bouthors@gmail.com<\/p><p><strong>ARTICLE 3 : Acc\u00e8s au site<\/strong><br \/>Le site est accessible par tout endroit, 7j\/7, 24h\/24 sauf cas de force majeure, interruption programm\u00e9e ou non et pouvant d\u00e9couler d\u2019une n\u00e9cessit\u00e9 de maintenance. En cas de modification, interruption ou suspension des services le site https:\/\/passion-geobiologie.fr\/ ne saurait \u00eatre tenu responsable.<\/p><p><strong>ARTICLE 4 : Collecte des donn\u00e9es<\/strong><br \/>Nous collectons vos donn\u00e9es suivantes:<\/p><p>-informations personnelles (Nom, Pr\u00e9nom, Mail, T\u00e9l\u00e9phone) lors du remplissage d\u2019un formulaire de contact et de r\u00e9servation de nos services, uniquement lorsque vous validez \u00e0 la fois nos cookies et notre politique de confidentialit\u00e9. Passion G\u00e9obiologie est seul d\u00e9tenteur de vos informations \u00e0 but fonctionnel pour vos demandes, et nos ressources analytiques et publicitaires.\u00a0<\/p><p><strong>ARTICLE 5 : Cookies<\/strong><br \/>En naviguant sur le site, l\u2019Utilisateur les accepte. Un cookie est un \u00e9l\u00e9ment qui ne permet pas d\u2019identifier l\u2019Utilisateur mais sert \u00e0 enregistrer des informations relatives \u00e0 la navigation de celui-ci sur le site Internet. L\u2019Utilisateur pourra d\u00e9sactiver ce cookie par l\u2019interm\u00e9diaire des param\u00e8tres figurant au sein de son logiciel de navigation.<\/p><p><strong>ARTICLE 6 : Propri\u00e9t\u00e9 intellectuelle<\/strong><br \/>Toute utilisation, reproduction, diffusion, commercialisation, modification de toute ou partie du site https:\/\/passion-geobiologie.fr\/, sans autorisation de l\u2019Editeur est prohib\u00e9e et pourra entra\u00een\u00e9e des actions et poursuites judiciaires telles que notamment pr\u00e9vues par le Code de la propri\u00e9t\u00e9 intellectuelle et le Code civil.<\/p><p>La connexion et la navigation sur le Site par l\u2019Utilisateur implique acceptation inte\u0301grale et sans re\u0301serve des pre\u0301sentes mentions le\u0301gales.<\/p>\t\t\t\t\t\t\t\t<\/div>\n\t\t\t\t<\/div>\n\t\t\t\t\t<\/div>\n\t\t<\/div>\n\t\t\t\t\t<\/div>\n\t\t<\/section>\n\t\t\t\t<\/div>\n\t\t","protected":false},"excerpt":{"rendered":"<p>En vigueur au 01\/01\/2025 Conform\u00e9ment aux dispositions des Articles 6-III et 19 de la Loi n\u00b02004-575 du 21 juin 2004 pour la confiance dans l\u2019\u00e9conomie num\u00e9rique, dite L.C.E.N., il est port\u00e9 \u00e0 la connaissance des Utilisateurs du site https:\/\/passion-geobiologie.fr\/ les pr\u00e9sentes mentions l\u00e9gales. La connexion et la navigation sur le site par l\u2019Utilisateur implique acceptation [&hellip;]<\/p>\n","protected":false},"author":1,"featured_media":0,"parent":0,"menu_order":0,"comment_status":"closed","ping_status":"closed","template":"","meta":{"footnotes":""},"class_list":["post-955","page","type-page","status-publish","hentry","entry"],"yoast_head":"<!-- This site is optimized with the Yoast SEO plugin v27.3 - https:\/\/yoast.com\/product\/yoast-seo-wordpress\/ -->\n<title>Mentions l\u00e9gales - Passion G\u00e9obiologie<\/title>\n<meta name=\"robots\" content=\"index, follow, max-snippet:-1, max-image-preview:large, max-video-preview:-1\" \/>\n<link rel=\"canonical\" href=\"https:\/\/passion-geobiologie.fr\/index.php\/mentions-legales\/\" \/>\n<meta property=\"og:locale\" content=\"fr_FR\" \/>\n<meta property=\"og:type\" content=\"article\" \/>\n<meta property=\"og:title\" content=\"Mentions l\u00e9gales - Passion G\u00e9obiologie\" \/>\n<meta property=\"og:description\" content=\"En vigueur au 01\/01\/2025 Conform\u00e9ment aux dispositions des Articles 6-III et 19 de la Loi n\u00b02004-575 du 21 juin 2004 pour la confiance dans l\u2019\u00e9conomie num\u00e9rique, dite L.C.E.N., il est port\u00e9 \u00e0 la connaissance des Utilisateurs du site https:\/\/passion-geobiologie.fr\/ les pr\u00e9sentes mentions l\u00e9gales. La connexion et la navigation sur le site par l\u2019Utilisateur implique acceptation [&hellip;]\" \/>\n<meta property=\"og:url\" content=\"https:\/\/passion-geobiologie.fr\/index.php\/mentions-legales\/\" \/>\n<meta property=\"og:site_name\" content=\"Passion G\u00e9obiologie\" \/>\n<meta property=\"article:publisher\" content=\"https:\/\/www.facebook.com\/TachyonsOccitanie\/\" \/>\n<meta property=\"article:modified_time\" content=\"2025-01-08T10:15:15+00:00\" \/>\n<meta property=\"og:image\" content=\"https:\/\/passion-geobiologie.fr\/wp-content\/uploads\/2023\/05\/En-tete-Accueil-1-scaled.jpeg\" \/>\n\t<meta property=\"og:image:width\" content=\"2560\" \/>\n\t<meta property=\"og:image:height\" content=\"775\" \/>\n\t<meta property=\"og:image:type\" content=\"image\/jpeg\" \/>\n<meta name=\"twitter:card\" content=\"summary_large_image\" \/>\n<meta name=\"twitter:label1\" content=\"Dur\u00e9e de lecture estim\u00e9e\" \/>\n\t<meta name=\"twitter:data1\" content=\"2 minutes\" \/>\n<script type=\"application\/ld+json\" class=\"yoast-schema-graph\">{\"@context\":\"https:\\\/\\\/schema.org\",\"@graph\":[{\"@type\":\"WebPage\",\"@id\":\"https:\\\/\\\/passion-geobiologie.fr\\\/index.php\\\/mentions-legales\\\/\",\"url\":\"https:\\\/\\\/passion-geobiologie.fr\\\/index.php\\\/mentions-legales\\\/\",\"name\":\"Mentions l\u00e9gales - Passion G\u00e9obiologie\",\"isPartOf\":{\"@id\":\"https:\\\/\\\/passion-geobiologie.fr\\\/#website\"},\"datePublished\":\"2023-06-22T09:05:11+00:00\",\"dateModified\":\"2025-01-08T10:15:15+00:00\",\"breadcrumb\":{\"@id\":\"https:\\\/\\\/passion-geobiologie.fr\\\/index.php\\\/mentions-legales\\\/#breadcrumb\"},\"inLanguage\":\"fr-FR\",\"potentialAction\":[{\"@type\":\"ReadAction\",\"target\":[\"https:\\\/\\\/passion-geobiologie.fr\\\/index.php\\\/mentions-legales\\\/\"]}]},{\"@type\":\"BreadcrumbList\",\"@id\":\"https:\\\/\\\/passion-geobiologie.fr\\\/index.php\\\/mentions-legales\\\/#breadcrumb\",\"itemListElement\":[{\"@type\":\"ListItem\",\"position\":1,\"name\":\"Accueil\",\"item\":\"https:\\\/\\\/passion-geobiologie.fr\\\/\"},{\"@type\":\"ListItem\",\"position\":2,\"name\":\"Mentions l\u00e9gales\"}]},{\"@type\":\"WebSite\",\"@id\":\"https:\\\/\\\/passion-geobiologie.fr\\\/#website\",\"url\":\"https:\\\/\\\/passion-geobiologie.fr\\\/\",\"name\":\"Passion G\u00e9obiologie\",\"description\":\"Votre sant\u00e9 d\u00e9pend aussi de celle de votre lieu de vie\",\"publisher\":{\"@id\":\"https:\\\/\\\/passion-geobiologie.fr\\\/#organization\"},\"alternateName\":\"Harmonisation des lieux de vie\",\"potentialAction\":[{\"@type\":\"SearchAction\",\"target\":{\"@type\":\"EntryPoint\",\"urlTemplate\":\"https:\\\/\\\/passion-geobiologie.fr\\\/?s={search_term_string}\"},\"query-input\":{\"@type\":\"PropertyValueSpecification\",\"valueRequired\":true,\"valueName\":\"search_term_string\"}}],\"inLanguage\":\"fr-FR\"},{\"@type\":\"Organization\",\"@id\":\"https:\\\/\\\/passion-geobiologie.fr\\\/#organization\",\"name\":\"Passion G\u00e9obiologie\",\"alternateName\":\"Tachyons Occitanie\",\"url\":\"https:\\\/\\\/passion-geobiologie.fr\\\/\",\"logo\":{\"@type\":\"ImageObject\",\"inLanguage\":\"fr-FR\",\"@id\":\"https:\\\/\\\/passion-geobiologie.fr\\\/#\\\/schema\\\/logo\\\/image\\\/\",\"url\":\"https:\\\/\\\/passion-geobiologie.fr\\\/wp-content\\\/uploads\\\/2023\\\/04\\\/logo_officiel-fond-transparent.-sans-texte-1.png\",\"contentUrl\":\"https:\\\/\\\/passion-geobiologie.fr\\\/wp-content\\\/uploads\\\/2023\\\/04\\\/logo_officiel-fond-transparent.-sans-texte-1.png\",\"width\":1410,\"height\":1232,\"caption\":\"Passion G\u00e9obiologie\"},\"image\":{\"@id\":\"https:\\\/\\\/passion-geobiologie.fr\\\/#\\\/schema\\\/logo\\\/image\\\/\"},\"sameAs\":[\"https:\\\/\\\/www.facebook.com\\\/TachyonsOccitanie\\\/\",\"https:\\\/\\\/www.instagram.com\\\/patrick_tachyons_occitanie\\\/\"]}]}<\/script>\n<!-- \/ Yoast SEO plugin. -->","yoast_head_json":{"title":"Mentions l\u00e9gales - Passion G\u00e9obiologie","robots":{"index":"index","follow":"follow","max-snippet":"max-snippet:-1","max-image-preview":"max-image-preview:large","max-video-preview":"max-video-preview:-1"},"canonical":"https:\/\/passion-geobiologie.fr\/index.php\/mentions-legales\/","og_locale":"fr_FR","og_type":"article","og_title":"Mentions l\u00e9gales - Passion G\u00e9obiologie","og_description":"En vigueur au 01\/01\/2025 Conform\u00e9ment aux dispositions des Articles 6-III et 19 de la Loi n\u00b02004-575 du 21 juin 2004 pour la confiance dans l\u2019\u00e9conomie num\u00e9rique, dite L.C.E.N., il est port\u00e9 \u00e0 la connaissance des Utilisateurs du site https:\/\/passion-geobiologie.fr\/ les pr\u00e9sentes mentions l\u00e9gales. La connexion et la navigation sur le site par l\u2019Utilisateur implique acceptation [&hellip;]","og_url":"https:\/\/passion-geobiologie.fr\/index.php\/mentions-legales\/","og_site_name":"Passion G\u00e9obiologie","article_publisher":"https:\/\/www.facebook.com\/TachyonsOccitanie\/","article_modified_time":"2025-01-08T10:15:15+00:00","og_image":[{"width":2560,"height":775,"url":"https:\/\/passion-geobiologie.fr\/wp-content\/uploads\/2023\/05\/En-tete-Accueil-1-scaled.jpeg","type":"image\/jpeg"}],"twitter_card":"summary_large_image","twitter_misc":{"Dur\u00e9e de lecture estim\u00e9e":"2 minutes"},"schema":{"@context":"https:\/\/schema.org","@graph":[{"@type":"WebPage","@id":"https:\/\/passion-geobiologie.fr\/index.php\/mentions-legales\/","url":"https:\/\/passion-geobiologie.fr\/index.php\/mentions-legales\/","name":"Mentions l\u00e9gales - Passion G\u00e9obiologie","isPartOf":{"@id":"https:\/\/passion-geobiologie.fr\/#website"},"datePublished":"2023-06-22T09:05:11+00:00","dateModified":"2025-01-08T10:15:15+00:00","breadcrumb":{"@id":"https:\/\/passion-geobiologie.fr\/index.php\/mentions-legales\/#breadcrumb"},"inLanguage":"fr-FR","potentialAction":[{"@type":"ReadAction","target":["https:\/\/passion-geobiologie.fr\/index.php\/mentions-legales\/"]}]},{"@type":"BreadcrumbList","@id":"https:\/\/passion-geobiologie.fr\/index.php\/mentions-legales\/#breadcrumb","itemListElement":[{"@type":"ListItem","position":1,"name":"Accueil","item":"https:\/\/passion-geobiologie.fr\/"},{"@type":"ListItem","position":2,"name":"Mentions l\u00e9gales"}]},{"@type":"WebSite","@id":"https:\/\/passion-geobiologie.fr\/#website","url":"https:\/\/passion-geobiologie.fr\/","name":"Passion G\u00e9obiologie","description":"Votre sant\u00e9 d\u00e9pend aussi de celle de votre lieu de vie","publisher":{"@id":"https:\/\/passion-geobiologie.fr\/#organization"},"alternateName":"Harmonisation des lieux de vie","potentialAction":[{"@type":"SearchAction","target":{"@type":"EntryPoint","urlTemplate":"https:\/\/passion-geobiologie.fr\/?s={search_term_string}"},"query-input":{"@type":"PropertyValueSpecification","valueRequired":true,"valueName":"search_term_string"}}],"inLanguage":"fr-FR"},{"@type":"Organization","@id":"https:\/\/passion-geobiologie.fr\/#organization","name":"Passion G\u00e9obiologie","alternateName":"Tachyons Occitanie","url":"https:\/\/passion-geobiologie.fr\/","logo":{"@type":"ImageObject","inLanguage":"fr-FR","@id":"https:\/\/passion-geobiologie.fr\/#\/schema\/logo\/image\/","url":"https:\/\/passion-geobiologie.fr\/wp-content\/uploads\/2023\/04\/logo_officiel-fond-transparent.-sans-texte-1.png","contentUrl":"https:\/\/passion-geobiologie.fr\/wp-content\/uploads\/2023\/04\/logo_officiel-fond-transparent.-sans-texte-1.png","width":1410,"height":1232,"caption":"Passion G\u00e9obiologie"},"image":{"@id":"https:\/\/passion-geobiologie.fr\/#\/schema\/logo\/image\/"},"sameAs":["https:\/\/www.facebook.com\/TachyonsOccitanie\/","https:\/\/www.instagram.com\/patrick_tachyons_occitanie\/"]}]}},"_links":{"self":[{"href":"https:\/\/passion-geobiologie.fr\/index.php\/wp-json\/wp\/v2\/pages\/955","targetHints":{"allow":["GET"]}}],"collection":[{"href":"https:\/\/passion-geobiologie.fr\/index.php\/wp-json\/wp\/v2\/pages"}],"about":[{"href":"https:\/\/passion-geobiologie.fr\/index.php\/wp-json\/wp\/v2\/types\/page"}],"author":[{"embeddable":true,"href":"https:\/\/passion-geobiologie.fr\/index.php\/wp-json\/wp\/v2\/users\/1"}],"replies":[{"embeddable":true,"href":"https:\/\/passion-geobiologie.fr\/index.php\/wp-json\/wp\/v2\/comments?post=955"}],"version-history":[{"count":13,"href":"https:\/\/passion-geobiologie.fr\/index.php\/wp-json\/wp\/v2\/pages\/955\/revisions"}],"predecessor-version":[{"id":3191,"href":"https:\/\/passion-geobiologie.fr\/index.php\/wp-json\/wp\/v2\/pages\/955\/revisions\/3191"}],"wp:attachment":[{"href":"https:\/\/passion-geobiologie.fr\/index.php\/wp-json\/wp\/v2\/media?parent=955"}],"curies":[{"name":"wp","href":"https:\/\/api.w.org\/{rel}","templated":true}]}}