{"id":22,"date":"2023-05-02T11:34:56","date_gmt":"2023-05-02T09:34:56","guid":{"rendered":"https:\/\/passion-geobiologie.fr\/?page_id=22"},"modified":"2025-05-26T20:21:42","modified_gmt":"2025-05-26T18:21:42","slug":"qui-suis-je-2","status":"publish","type":"page","link":"https:\/\/passion-geobiologie.fr\/index.php\/qui-suis-je-2\/","title":{"rendered":"Qui suis-je ?"},"content":{"rendered":"\t\t<div data-elementor-type=\"wp-page\" data-elementor-id=\"22\" class=\"elementor elementor-22\">\n\t\t\t\t\t\t<section class=\"elementor-section elementor-top-section elementor-element elementor-element-09bd757 elementor-section-boxed elementor-section-height-default elementor-section-height-default\" data-id=\"09bd757\" data-element_type=\"section\" data-e-type=\"section\">\n\t\t\t\t\t\t<div class=\"elementor-container elementor-column-gap-default\">\n\t\t\t\t\t<div class=\"elementor-column elementor-col-66 elementor-top-column elementor-element elementor-element-87ce138\" data-id=\"87ce138\" data-element_type=\"column\" data-e-type=\"column\">\n\t\t\t<div class=\"elementor-widget-wrap elementor-element-populated\">\n\t\t\t\t\t\t<div class=\"elementor-element elementor-element-9b36d36 elementor-widget elementor-widget-heading\" data-id=\"9b36d36\" data-element_type=\"widget\" data-e-type=\"widget\" data-widget_type=\"heading.default\">\n\t\t\t\t<div class=\"elementor-widget-container\">\n\t\t\t\t\t<h2 class=\"elementor-heading-title elementor-size-default\">Qui suis-je ?<\/h2>\t\t\t\t<\/div>\n\t\t\t\t<\/div>\n\t\t\t\t<div class=\"elementor-element elementor-element-8ab3055 elementor-absolute elementor-hidden-tablet elementor-hidden-mobile elementor-view-default elementor-widget elementor-widget-icon\" data-id=\"8ab3055\" data-element_type=\"widget\" data-e-type=\"widget\" data-settings=\"{&quot;_position&quot;:&quot;absolute&quot;}\" data-widget_type=\"icon.default\">\n\t\t\t\t<div class=\"elementor-widget-container\">\n\t\t\t\t\t\t\t<div class=\"elementor-icon-wrapper\">\n\t\t\t<div class=\"elementor-icon\">\n\t\t\t<i aria-hidden=\"true\" class=\"fas fa-quote-left\"><\/i>\t\t\t<\/div>\n\t\t<\/div>\n\t\t\t\t\t\t<\/div>\n\t\t\t\t<\/div>\n\t\t\t\t<div class=\"elementor-element elementor-element-095ea0f elementor-absolute elementor-hidden-tablet elementor-hidden-mobile elementor-view-default elementor-widget elementor-widget-icon\" data-id=\"095ea0f\" data-element_type=\"widget\" data-e-type=\"widget\" data-settings=\"{&quot;_position&quot;:&quot;absolute&quot;}\" data-widget_type=\"icon.default\">\n\t\t\t\t<div class=\"elementor-widget-container\">\n\t\t\t\t\t\t\t<div class=\"elementor-icon-wrapper\">\n\t\t\t<div class=\"elementor-icon\">\n\t\t\t<i aria-hidden=\"true\" class=\"fas fa-quote-right\"><\/i>\t\t\t<\/div>\n\t\t<\/div>\n\t\t\t\t\t\t<\/div>\n\t\t\t\t<\/div>\n\t\t\t\t<div class=\"elementor-element elementor-element-40d66dd elementor-widget elementor-widget-text-editor\" data-id=\"40d66dd\" data-element_type=\"widget\" data-e-type=\"widget\" data-widget_type=\"text-editor.default\">\n\t\t\t\t<div class=\"elementor-widget-container\">\n\t\t\t\t\t\t\t\t\t<p><span style=\"font-weight: 300;\">Ing\u00e9nieur de formation, j\u2019ai toujours \u00e9t\u00e9 attir\u00e9 par les ph\u00e9nom\u00e8nes que l\u2019on nomme \u00e9sot\u00e9riques. Ces ph\u00e9nom\u00e8nes sont en fait tout aussi naturels que ceux que nous connaissons et qui sont \u00e9tudi\u00e9s par la science.<br>J\u2019ai senti le besoin de me confronter \u00e0 ces \u00e9nergies subtiles, de les comprendre et d\u2019apprendre \u00e0 interagir avec elles.<br>Ma sensibilit\u00e9 m\u2019a oblig\u00e9 \u00e0 me prot\u00e9ger dans mon environnement de travail orient\u00e9 sur le r\u00e9sultat et les profits.<br>Les \u00e9nergies actuelles, lib\u00e9ratrices, me permettent de d\u00e9velopper pleinement ce potentiel, afin d\u2019apporter mon aide aux personnes qui en ont besoin.<\/span><\/p>\n<p><span style=\"font-weight: 300;\">En effet, notre environnement, depuis toujours environn\u00e9 de champs telluriques, est de plus en plus pollu\u00e9 par les ondes \u00e9lectromagn\u00e9tiques et personne n\u2019y \u00e9chappe.<br>S\u2019ajoutent \u00e0 cela nos propres \u00e9nergies, qui ont, elles aussi, un potentiel de d\u00e9s\u00e9quilibre.<\/span><\/p>\n<p><span style=\"font-weight: 300;\">J\u2019esp\u00e8re avoir l\u2019opportunit\u00e9 de vous aider afin d\u2019am\u00e9liorer votre environnement, qui passe autant par un \u00e9quilibrage des habitants que du lieu de vie.<\/span><\/p>\t\t\t\t\t\t\t\t<\/div>\n\t\t\t\t<\/div>\n\t\t\t\t\t<\/div>\n\t\t<\/div>\n\t\t\t\t<div class=\"elementor-column elementor-col-33 elementor-top-column elementor-element elementor-element-c90deb8\" data-id=\"c90deb8\" data-element_type=\"column\" data-e-type=\"column\">\n\t\t\t<div class=\"elementor-widget-wrap elementor-element-populated\">\n\t\t\t\t\t\t<div class=\"elementor-element elementor-element-9399938 elementor-widget elementor-widget-image\" data-id=\"9399938\" data-element_type=\"widget\" data-e-type=\"widget\" data-widget_type=\"image.default\">\n\t\t\t\t<div class=\"elementor-widget-container\">\n\t\t\t\t\t\t\t\t\t\t\t\t\t\t\t<img fetchpriority=\"high\" decoding=\"async\" width=\"1500\" height=\"1000\" src=\"https:\/\/passion-geobiologie.fr\/wp-content\/uploads\/2024\/09\/IMG_3577-2.jpg\" class=\"attachment-full size-full wp-image-2922\" alt=\"Photo du g\u00e9obiologue\" srcset=\"https:\/\/passion-geobiologie.fr\/wp-content\/uploads\/2024\/09\/IMG_3577-2.jpg 1500w, https:\/\/passion-geobiologie.fr\/wp-content\/uploads\/2024\/09\/IMG_3577-2-300x200.jpg 300w, https:\/\/passion-geobiologie.fr\/wp-content\/uploads\/2024\/09\/IMG_3577-2-1024x683.jpg 1024w, https:\/\/passion-geobiologie.fr\/wp-content\/uploads\/2024\/09\/IMG_3577-2-768x512.jpg 768w\" sizes=\"(max-width: 1500px) 100vw, 1500px\" \/>\t\t\t\t\t\t\t\t\t\t\t\t\t\t\t<\/div>\n\t\t\t\t<\/div>\n\t\t\t\t<div class=\"elementor-element elementor-element-8838fff elementor-widget elementor-widget-image\" data-id=\"8838fff\" data-element_type=\"widget\" data-e-type=\"widget\" data-widget_type=\"image.default\">\n\t\t\t\t<div class=\"elementor-widget-container\">\n\t\t\t\t\t\t\t\t\t\t\t\t\t\t\t<img decoding=\"async\" width=\"682\" height=\"1024\" src=\"https:\/\/passion-geobiologie.fr\/wp-content\/uploads\/2024\/09\/IMG_3606-2-682x1024.jpg\" class=\"attachment-large size-large wp-image-2921\" alt=\"\" srcset=\"https:\/\/passion-geobiologie.fr\/wp-content\/uploads\/2024\/09\/IMG_3606-2-682x1024.jpg 682w, https:\/\/passion-geobiologie.fr\/wp-content\/uploads\/2024\/09\/IMG_3606-2-200x300.jpg 200w, https:\/\/passion-geobiologie.fr\/wp-content\/uploads\/2024\/09\/IMG_3606-2-768x1152.jpg 768w, https:\/\/passion-geobiologie.fr\/wp-content\/uploads\/2024\/09\/IMG_3606-2-1024x1536.jpg 1024w, https:\/\/passion-geobiologie.fr\/wp-content\/uploads\/2024\/09\/IMG_3606-2.jpg 1181w\" sizes=\"(max-width: 682px) 100vw, 682px\" \/>\t\t\t\t\t\t\t\t\t\t\t\t\t\t\t<\/div>\n\t\t\t\t<\/div>\n\t\t\t\t\t<\/div>\n\t\t<\/div>\n\t\t\t\t\t<\/div>\n\t\t<\/section>\n\t\t\t\t<section class=\"elementor-section elementor-top-section elementor-element elementor-element-2f964a76 elementor-section-full_width elementor-section-height-default elementor-section-height-default\" data-id=\"2f964a76\" data-element_type=\"section\" data-e-type=\"section\">\n\t\t\t\t\t\t<div class=\"elementor-container elementor-column-gap-default\">\n\t\t\t\t\t<div class=\"elementor-column elementor-col-100 elementor-top-column elementor-element elementor-element-3795e5a5\" data-id=\"3795e5a5\" data-element_type=\"column\" data-e-type=\"column\">\n\t\t\t<div class=\"elementor-widget-wrap elementor-element-populated\">\n\t\t\t\t\t\t<div class=\"elementor-element elementor-element-5bfe59a4 elementor-widget elementor-widget-image\" data-id=\"5bfe59a4\" data-element_type=\"widget\" data-e-type=\"widget\" data-widget_type=\"image.default\">\n\t\t\t\t<div class=\"elementor-widget-container\">\n\t\t\t\t\t\t\t\t\t\t\t\t\t\t\t<img decoding=\"async\" width=\"589\" height=\"626\" src=\"https:\/\/passion-geobiologie.fr\/wp-content\/uploads\/2023\/05\/Symbole-sacre-.png\" class=\"attachment-full size-full wp-image-358\" alt=\"\" srcset=\"https:\/\/passion-geobiologie.fr\/wp-content\/uploads\/2023\/05\/Symbole-sacre-.png 589w, https:\/\/passion-geobiologie.fr\/wp-content\/uploads\/2023\/05\/Symbole-sacre--282x300.png 282w\" sizes=\"(max-width: 589px) 100vw, 589px\" \/>\t\t\t\t\t\t\t\t\t\t\t\t\t\t\t<\/div>\n\t\t\t\t<\/div>\n\t\t\t\t\t<\/div>\n\t\t<\/div>\n\t\t\t\t\t<\/div>\n\t\t<\/section>\n\t\t\t\t<\/div>\n\t\t","protected":false},"excerpt":{"rendered":"<p>Qui suis-je ? Ing\u00e9nieur de formation, j\u2019ai toujours \u00e9t\u00e9 attir\u00e9 par les ph\u00e9nom\u00e8nes que l\u2019on nomme \u00e9sot\u00e9riques. Ces ph\u00e9nom\u00e8nes sont en fait tout aussi naturels que ceux que nous connaissons et qui sont \u00e9tudi\u00e9s par la science.J\u2019ai senti le besoin de me confronter \u00e0 ces \u00e9nergies subtiles, de les comprendre et d\u2019apprendre \u00e0 interagir avec [&hellip;]<\/p>\n","protected":false},"author":1,"featured_media":2922,"parent":0,"menu_order":0,"comment_status":"closed","ping_status":"closed","template":"","meta":{"footnotes":""},"class_list":["post-22","page","type-page","status-publish","has-post-thumbnail","hentry","entry","has-media"],"yoast_head":"<!-- This site is optimized with the Yoast SEO plugin v27.3 - https:\/\/yoast.com\/product\/yoast-seo-wordpress\/ -->\n<title>Qui suis-je ? - Passion G\u00e9obiologie<\/title>\n<meta name=\"robots\" content=\"index, follow, max-snippet:-1, max-image-preview:large, max-video-preview:-1\" \/>\n<link rel=\"canonical\" href=\"https:\/\/passion-geobiologie.fr\/index.php\/qui-suis-je-2\/\" \/>\n<meta property=\"og:locale\" content=\"fr_FR\" \/>\n<meta property=\"og:type\" content=\"article\" \/>\n<meta property=\"og:title\" content=\"Qui suis-je ? - Passion G\u00e9obiologie\" \/>\n<meta property=\"og:description\" content=\"Qui suis-je ? Ing\u00e9nieur de formation, j\u2019ai toujours \u00e9t\u00e9 attir\u00e9 par les ph\u00e9nom\u00e8nes que l\u2019on nomme \u00e9sot\u00e9riques. Ces ph\u00e9nom\u00e8nes sont en fait tout aussi naturels que ceux que nous connaissons et qui sont \u00e9tudi\u00e9s par la science.J\u2019ai senti le besoin de me confronter \u00e0 ces \u00e9nergies subtiles, de les comprendre et d\u2019apprendre \u00e0 interagir avec [&hellip;]\" \/>\n<meta property=\"og:url\" content=\"https:\/\/passion-geobiologie.fr\/index.php\/qui-suis-je-2\/\" \/>\n<meta property=\"og:site_name\" content=\"Passion G\u00e9obiologie\" \/>\n<meta property=\"article:publisher\" content=\"https:\/\/www.facebook.com\/TachyonsOccitanie\/\" \/>\n<meta property=\"article:modified_time\" content=\"2025-05-26T18:21:42+00:00\" \/>\n<meta property=\"og:image\" content=\"https:\/\/passion-geobiologie.fr\/wp-content\/uploads\/2024\/09\/IMG_3577-2.jpg\" \/>\n\t<meta property=\"og:image:width\" content=\"1500\" \/>\n\t<meta property=\"og:image:height\" content=\"1000\" \/>\n\t<meta property=\"og:image:type\" content=\"image\/jpeg\" \/>\n<meta name=\"twitter:card\" content=\"summary_large_image\" \/>\n<meta name=\"twitter:label1\" content=\"Dur\u00e9e de lecture estim\u00e9e\" \/>\n\t<meta name=\"twitter:data1\" content=\"2 minutes\" \/>\n<script type=\"application\/ld+json\" class=\"yoast-schema-graph\">{\"@context\":\"https:\\\/\\\/schema.org\",\"@graph\":[{\"@type\":\"WebPage\",\"@id\":\"https:\\\/\\\/passion-geobiologie.fr\\\/index.php\\\/qui-suis-je-2\\\/\",\"url\":\"https:\\\/\\\/passion-geobiologie.fr\\\/index.php\\\/qui-suis-je-2\\\/\",\"name\":\"Qui suis-je ? - Passion G\u00e9obiologie\",\"isPartOf\":{\"@id\":\"https:\\\/\\\/passion-geobiologie.fr\\\/#website\"},\"primaryImageOfPage\":{\"@id\":\"https:\\\/\\\/passion-geobiologie.fr\\\/index.php\\\/qui-suis-je-2\\\/#primaryimage\"},\"image\":{\"@id\":\"https:\\\/\\\/passion-geobiologie.fr\\\/index.php\\\/qui-suis-je-2\\\/#primaryimage\"},\"thumbnailUrl\":\"https:\\\/\\\/passion-geobiologie.fr\\\/wp-content\\\/uploads\\\/2024\\\/09\\\/IMG_3577-2.jpg\",\"datePublished\":\"2023-05-02T09:34:56+00:00\",\"dateModified\":\"2025-05-26T18:21:42+00:00\",\"breadcrumb\":{\"@id\":\"https:\\\/\\\/passion-geobiologie.fr\\\/index.php\\\/qui-suis-je-2\\\/#breadcrumb\"},\"inLanguage\":\"fr-FR\",\"potentialAction\":[{\"@type\":\"ReadAction\",\"target\":[\"https:\\\/\\\/passion-geobiologie.fr\\\/index.php\\\/qui-suis-je-2\\\/\"]}]},{\"@type\":\"ImageObject\",\"inLanguage\":\"fr-FR\",\"@id\":\"https:\\\/\\\/passion-geobiologie.fr\\\/index.php\\\/qui-suis-je-2\\\/#primaryimage\",\"url\":\"https:\\\/\\\/passion-geobiologie.fr\\\/wp-content\\\/uploads\\\/2024\\\/09\\\/IMG_3577-2.jpg\",\"contentUrl\":\"https:\\\/\\\/passion-geobiologie.fr\\\/wp-content\\\/uploads\\\/2024\\\/09\\\/IMG_3577-2.jpg\",\"width\":1500,\"height\":1000,\"caption\":\"G\u00e9biologue\"},{\"@type\":\"BreadcrumbList\",\"@id\":\"https:\\\/\\\/passion-geobiologie.fr\\\/index.php\\\/qui-suis-je-2\\\/#breadcrumb\",\"itemListElement\":[{\"@type\":\"ListItem\",\"position\":1,\"name\":\"Accueil\",\"item\":\"https:\\\/\\\/passion-geobiologie.fr\\\/\"},{\"@type\":\"ListItem\",\"position\":2,\"name\":\"Qui suis-je ?\"}]},{\"@type\":\"WebSite\",\"@id\":\"https:\\\/\\\/passion-geobiologie.fr\\\/#website\",\"url\":\"https:\\\/\\\/passion-geobiologie.fr\\\/\",\"name\":\"Passion G\u00e9obiologie\",\"description\":\"Votre sant\u00e9 d\u00e9pend aussi de celle de votre lieu de vie\",\"publisher\":{\"@id\":\"https:\\\/\\\/passion-geobiologie.fr\\\/#organization\"},\"alternateName\":\"Harmonisation des lieux de vie\",\"potentialAction\":[{\"@type\":\"SearchAction\",\"target\":{\"@type\":\"EntryPoint\",\"urlTemplate\":\"https:\\\/\\\/passion-geobiologie.fr\\\/?s={search_term_string}\"},\"query-input\":{\"@type\":\"PropertyValueSpecification\",\"valueRequired\":true,\"valueName\":\"search_term_string\"}}],\"inLanguage\":\"fr-FR\"},{\"@type\":\"Organization\",\"@id\":\"https:\\\/\\\/passion-geobiologie.fr\\\/#organization\",\"name\":\"Passion G\u00e9obiologie\",\"alternateName\":\"Tachyons Occitanie\",\"url\":\"https:\\\/\\\/passion-geobiologie.fr\\\/\",\"logo\":{\"@type\":\"ImageObject\",\"inLanguage\":\"fr-FR\",\"@id\":\"https:\\\/\\\/passion-geobiologie.fr\\\/#\\\/schema\\\/logo\\\/image\\\/\",\"url\":\"https:\\\/\\\/passion-geobiologie.fr\\\/wp-content\\\/uploads\\\/2023\\\/04\\\/logo_officiel-fond-transparent.-sans-texte-1.png\",\"contentUrl\":\"https:\\\/\\\/passion-geobiologie.fr\\\/wp-content\\\/uploads\\\/2023\\\/04\\\/logo_officiel-fond-transparent.-sans-texte-1.png\",\"width\":1410,\"height\":1232,\"caption\":\"Passion G\u00e9obiologie\"},\"image\":{\"@id\":\"https:\\\/\\\/passion-geobiologie.fr\\\/#\\\/schema\\\/logo\\\/image\\\/\"},\"sameAs\":[\"https:\\\/\\\/www.facebook.com\\\/TachyonsOccitanie\\\/\",\"https:\\\/\\\/www.instagram.com\\\/patrick_tachyons_occitanie\\\/\"]}]}<\/script>\n<!-- \/ Yoast SEO plugin. -->","yoast_head_json":{"title":"Qui suis-je ? - Passion G\u00e9obiologie","robots":{"index":"index","follow":"follow","max-snippet":"max-snippet:-1","max-image-preview":"max-image-preview:large","max-video-preview":"max-video-preview:-1"},"canonical":"https:\/\/passion-geobiologie.fr\/index.php\/qui-suis-je-2\/","og_locale":"fr_FR","og_type":"article","og_title":"Qui suis-je ? - Passion G\u00e9obiologie","og_description":"Qui suis-je ? Ing\u00e9nieur de formation, j\u2019ai toujours \u00e9t\u00e9 attir\u00e9 par les ph\u00e9nom\u00e8nes que l\u2019on nomme \u00e9sot\u00e9riques. Ces ph\u00e9nom\u00e8nes sont en fait tout aussi naturels que ceux que nous connaissons et qui sont \u00e9tudi\u00e9s par la science.J\u2019ai senti le besoin de me confronter \u00e0 ces \u00e9nergies subtiles, de les comprendre et d\u2019apprendre \u00e0 interagir avec [&hellip;]","og_url":"https:\/\/passion-geobiologie.fr\/index.php\/qui-suis-je-2\/","og_site_name":"Passion G\u00e9obiologie","article_publisher":"https:\/\/www.facebook.com\/TachyonsOccitanie\/","article_modified_time":"2025-05-26T18:21:42+00:00","og_image":[{"width":1500,"height":1000,"url":"https:\/\/passion-geobiologie.fr\/wp-content\/uploads\/2024\/09\/IMG_3577-2.jpg","type":"image\/jpeg"}],"twitter_card":"summary_large_image","twitter_misc":{"Dur\u00e9e de lecture estim\u00e9e":"2 minutes"},"schema":{"@context":"https:\/\/schema.org","@graph":[{"@type":"WebPage","@id":"https:\/\/passion-geobiologie.fr\/index.php\/qui-suis-je-2\/","url":"https:\/\/passion-geobiologie.fr\/index.php\/qui-suis-je-2\/","name":"Qui suis-je ? - Passion G\u00e9obiologie","isPartOf":{"@id":"https:\/\/passion-geobiologie.fr\/#website"},"primaryImageOfPage":{"@id":"https:\/\/passion-geobiologie.fr\/index.php\/qui-suis-je-2\/#primaryimage"},"image":{"@id":"https:\/\/passion-geobiologie.fr\/index.php\/qui-suis-je-2\/#primaryimage"},"thumbnailUrl":"https:\/\/passion-geobiologie.fr\/wp-content\/uploads\/2024\/09\/IMG_3577-2.jpg","datePublished":"2023-05-02T09:34:56+00:00","dateModified":"2025-05-26T18:21:42+00:00","breadcrumb":{"@id":"https:\/\/passion-geobiologie.fr\/index.php\/qui-suis-je-2\/#breadcrumb"},"inLanguage":"fr-FR","potentialAction":[{"@type":"ReadAction","target":["https:\/\/passion-geobiologie.fr\/index.php\/qui-suis-je-2\/"]}]},{"@type":"ImageObject","inLanguage":"fr-FR","@id":"https:\/\/passion-geobiologie.fr\/index.php\/qui-suis-je-2\/#primaryimage","url":"https:\/\/passion-geobiologie.fr\/wp-content\/uploads\/2024\/09\/IMG_3577-2.jpg","contentUrl":"https:\/\/passion-geobiologie.fr\/wp-content\/uploads\/2024\/09\/IMG_3577-2.jpg","width":1500,"height":1000,"caption":"G\u00e9biologue"},{"@type":"BreadcrumbList","@id":"https:\/\/passion-geobiologie.fr\/index.php\/qui-suis-je-2\/#breadcrumb","itemListElement":[{"@type":"ListItem","position":1,"name":"Accueil","item":"https:\/\/passion-geobiologie.fr\/"},{"@type":"ListItem","position":2,"name":"Qui suis-je ?"}]},{"@type":"WebSite","@id":"https:\/\/passion-geobiologie.fr\/#website","url":"https:\/\/passion-geobiologie.fr\/","name":"Passion G\u00e9obiologie","description":"Votre sant\u00e9 d\u00e9pend aussi de celle de votre lieu de vie","publisher":{"@id":"https:\/\/passion-geobiologie.fr\/#organization"},"alternateName":"Harmonisation des lieux de vie","potentialAction":[{"@type":"SearchAction","target":{"@type":"EntryPoint","urlTemplate":"https:\/\/passion-geobiologie.fr\/?s={search_term_string}"},"query-input":{"@type":"PropertyValueSpecification","valueRequired":true,"valueName":"search_term_string"}}],"inLanguage":"fr-FR"},{"@type":"Organization","@id":"https:\/\/passion-geobiologie.fr\/#organization","name":"Passion G\u00e9obiologie","alternateName":"Tachyons Occitanie","url":"https:\/\/passion-geobiologie.fr\/","logo":{"@type":"ImageObject","inLanguage":"fr-FR","@id":"https:\/\/passion-geobiologie.fr\/#\/schema\/logo\/image\/","url":"https:\/\/passion-geobiologie.fr\/wp-content\/uploads\/2023\/04\/logo_officiel-fond-transparent.-sans-texte-1.png","contentUrl":"https:\/\/passion-geobiologie.fr\/wp-content\/uploads\/2023\/04\/logo_officiel-fond-transparent.-sans-texte-1.png","width":1410,"height":1232,"caption":"Passion G\u00e9obiologie"},"image":{"@id":"https:\/\/passion-geobiologie.fr\/#\/schema\/logo\/image\/"},"sameAs":["https:\/\/www.facebook.com\/TachyonsOccitanie\/","https:\/\/www.instagram.com\/patrick_tachyons_occitanie\/"]}]}},"_links":{"self":[{"href":"https:\/\/passion-geobiologie.fr\/index.php\/wp-json\/wp\/v2\/pages\/22","targetHints":{"allow":["GET"]}}],"collection":[{"href":"https:\/\/passion-geobiologie.fr\/index.php\/wp-json\/wp\/v2\/pages"}],"about":[{"href":"https:\/\/passion-geobiologie.fr\/index.php\/wp-json\/wp\/v2\/types\/page"}],"author":[{"embeddable":true,"href":"https:\/\/passion-geobiologie.fr\/index.php\/wp-json\/wp\/v2\/users\/1"}],"replies":[{"embeddable":true,"href":"https:\/\/passion-geobiologie.fr\/index.php\/wp-json\/wp\/v2\/comments?post=22"}],"version-history":[{"count":92,"href":"https:\/\/passion-geobiologie.fr\/index.php\/wp-json\/wp\/v2\/pages\/22\/revisions"}],"predecessor-version":[{"id":2925,"href":"https:\/\/passion-geobiologie.fr\/index.php\/wp-json\/wp\/v2\/pages\/22\/revisions\/2925"}],"wp:featuredmedia":[{"embeddable":true,"href":"https:\/\/passion-geobiologie.fr\/index.php\/wp-json\/wp\/v2\/media\/2922"}],"wp:attachment":[{"href":"https:\/\/passion-geobiologie.fr\/index.php\/wp-json\/wp\/v2\/media?parent=22"}],"curies":[{"name":"wp","href":"https:\/\/api.w.org\/{rel}","templated":true}]}}